{"id":4348,"date":"2025-10-23T15:34:36","date_gmt":"2025-10-23T18:34:36","guid":{"rendered":"https:\/\/navarros.com.br\/?post_type=product&#038;p=4348"},"modified":"2025-10-23T15:34:36","modified_gmt":"2025-10-23T18:34:36","slug":"adesivo-rojao-storm-trooper","status":"publish","type":"product","link":"https:\/\/navarros.com.br\/en\/product\/adesivo-rojao-storm-trooper\/","title":{"rendered":"adesivo roj\u00e3o storm trooper"},"content":{"rendered":"<h3><em class=\"highlighted-text inline-block not-italic relative animated\" data-style=\"half_text\"><strong>Informa\u00e7\u00f5es importantes<\/strong><\/em><\/h3>\n<p>Os stickers do\u00a0<strong>Turma do Roj\u00e3o\u00a0<\/strong>s\u00e3o considerados super premium, produzidos em vinil de alta\u00a0resolu\u00e7\u00e3o com impress\u00e3o digital ecol\u00f3gica de alta qualidade. S\u00e3o \u00e0 prova d\u2019\u00e1gua, possuem prote\u00e7\u00e3o UV contra raios solares e ainda recebem lamina\u00e7\u00e3o\u00a0fosca ou brilho contra riscos e arranh\u00f5es. S\u00e3o cortados individualmente no formato que voc\u00ea quiser, ideais para brindes.<\/p>\n<p><strong>Caso queira realizar o pedido e enviar a arte posteriormente, voc\u00ea pode fazer o envio para o email suporte@turmadorojao.com.br<\/strong><\/p>\n<p><strong>Prazo de produ\u00e7\u00e3o:<\/strong>\u00a0Ap\u00f3s a aprova\u00e7\u00e3o do pedido, a nossa equipe entrar\u00e1 em contato em at\u00e9 2 dias \u00fateis por whatsapp para envio de pr\u00e9via digital do sticker e ap\u00f3s a aprova\u00e7\u00e3o, os stickers ser\u00e3o despachados em at\u00e9 10 dias \u00fateis.<br \/>\n<strong>Tamanho:\u00a0<\/strong>4 a 30cm (Para tamanhos diferentes do padr\u00e3o, deve ser solicitado or\u00e7amento por e-mail ou whatsapp)<br \/>\n<strong>Material:<\/strong>\u00a0Vinil branco premium, impress\u00e3o eco-solvente, prote\u00e7\u00e3o UV e lamina\u00e7\u00e3o fosco ou brilho.<br \/>\n<strong>Durabilidade M\u00e9dia:<\/strong>\u00a03 anos | Resistem ao sol, chuva e poeira.<\/p>","protected":false},"excerpt":{"rendered":"<p>Informa\u00e7\u00f5es importantes Os stickers do\u00a0Turma do Roj\u00e3o\u00a0s\u00e3o considerados super premium, produzidos em vinil de alta\u00a0resolu\u00e7\u00e3o com impress\u00e3o digital ecol\u00f3gica de alta qualidade. S\u00e3o \u00e0 prova d\u2019\u00e1gua, possuem prote\u00e7\u00e3o UV contra raios solares e ainda recebem lamina\u00e7\u00e3o\u00a0fosca ou brilho contra riscos e arranh\u00f5es. S\u00e3o cortados individualmente no formato que voc\u00ea quiser, [&hellip;]<\/p>\n","protected":false},"featured_media":4346,"comment_status":"open","ping_status":"closed","template":"","meta":[],"product_brand":[],"product_cat":[481,482],"product_tag":[],"royalty-types":[],"trackgenre":[],"tracksoftware":[],"class_list":{"0":"post-4348","1":"product","2":"type-product","3":"status-publish","4":"has-post-thumbnail","6":"product_cat-adesivo-laminado-7x7","7":"product_cat-stickers-do-turma-do-rojao","9":"first","10":"instock","11":"sale","12":"taxable","13":"shipping-taxable","14":"purchasable","15":"product-type-simple"},"_links":{"self":[{"href":"https:\/\/navarros.com.br\/en\/wp-json\/wp\/v2\/product\/4348","targetHints":{"allow":["GET"]}}],"collection":[{"href":"https:\/\/navarros.com.br\/en\/wp-json\/wp\/v2\/product"}],"about":[{"href":"https:\/\/navarros.com.br\/en\/wp-json\/wp\/v2\/types\/product"}],"replies":[{"embeddable":true,"href":"https:\/\/navarros.com.br\/en\/wp-json\/wp\/v2\/comments?post=4348"}],"wp:featuredmedia":[{"embeddable":true,"href":"https:\/\/navarros.com.br\/en\/wp-json\/wp\/v2\/media\/4346"}],"wp:attachment":[{"href":"https:\/\/navarros.com.br\/en\/wp-json\/wp\/v2\/media?parent=4348"}],"wp:term":[{"taxonomy":"product_brand","embeddable":true,"href":"https:\/\/navarros.com.br\/en\/wp-json\/wp\/v2\/product_brand?post=4348"},{"taxonomy":"product_cat","embeddable":true,"href":"https:\/\/navarros.com.br\/en\/wp-json\/wp\/v2\/product_cat?post=4348"},{"taxonomy":"product_tag","embeddable":true,"href":"https:\/\/navarros.com.br\/en\/wp-json\/wp\/v2\/product_tag?post=4348"},{"taxonomy":"royalty-types","embeddable":true,"href":"https:\/\/navarros.com.br\/en\/wp-json\/wp\/v2\/royalty-types?post=4348"},{"taxonomy":"trackgenre","embeddable":true,"href":"https:\/\/navarros.com.br\/en\/wp-json\/wp\/v2\/trackgenre?post=4348"},{"taxonomy":"tracksoftware","embeddable":true,"href":"https:\/\/navarros.com.br\/en\/wp-json\/wp\/v2\/tracksoftware?post=4348"}],"curies":[{"name":"wp","href":"https:\/\/api.w.org\/{rel}","templated":true}]}}