{"id":1403,"date":"2018-01-23T14:45:01","date_gmt":"2018-01-23T14:45:01","guid":{"rendered":"http:\/\/qantumthemes.xyz\/kentha\/demo9\/?page_id=1403"},"modified":"2026-02-12T17:32:47","modified_gmt":"2026-02-12T20:32:47","slug":"artistas","status":"publish","type":"page","link":"https:\/\/navarros.com.br\/en\/artistas-artists-shortcodes\/artistas\/","title":{"rendered":"NAVARROS"},"content":{"rendered":"<div class=\"wpb-content-wrapper\"><div class=\"qt-vc-row-container\"><div data-vc-parallax=\"1.5\" class=\"vc_row wpb_row vc_row-kentha vc_custom_1516721297983 vc_row-has-fill vc_row-o-full-height vc_row-o-columns-middle vc_row-flex vc_general vc_parallax vc_parallax-content-moving\"><div class=\"wpb_column vc_column_container vc_col-sm-12\"><div class=\"vc_column-inner\"><div class=\"wpb_wrapper\"><div class=\"qt-container qt-rowcontainer-vc\"><div class=\"vc_row wpb_row vc_inner vc_row-kentha\"><div class=\"wpb_column vc_column_container vc_col-sm-12\"><div class=\"vc_column-inner\"><div class=\"wpb_wrapper\">\t\t\t\t<!-- SLIDER SHORTCODE ================================================== -->\n\t\t\t\t<div class=\"slider qt-material-slider qt-ultrawide\" data-height=\"350px\" data-proportion=\"ultrawide\" data-proportionmob=\"auto\">\n\t\t\t\t\t<ul class=\"slides\">\n\t\t\t\t\t\t\t\t\t\t\t\t\t<li>\n\t\t\t\t\t\t\t\t<img decoding=\"async\" src=\"https:\/\/navarros.com.br\/wp-content\/uploads\/2026\/01\/ARTISTA.jpg\" alt=\"img\">\n\t\t\t\t\t\t\t\t<div class=\"caption qt-slidecaption\">\n\t\t\t\t\t\t\t\t\t<div class=\"qt-txt qt-negative\">\n\t\t\t\t\t\t\t\t\t\t\t\t\t\t\t\t\t\t\t\t<h3 class=\"qt-fontsize-h0\"><a href=\"https:\/\/navarros.com.br\/en\/artist\/navarros\/\">navarros<\/a><\/h3>\n\t\t\t\t\t\t\t\t\t\t\t\t\t\t\t\t\t\t\t<\/div>\n\t\t\t\t\t\t\t\t<\/div>\n\t\t\t\t\t\t\t<\/li>\n\t\t\t\t\t\t\t\t\t\t\t\t<\/ul>\n\t\t\t\t\t<div class=\"qt-control-arrows\">\n\t\t\t\t\t\t<a href=\"#\" class=\"prev qt-slideshow-link\"><i class='material-icons qt-icon-mirror'>arrow_back<\/i><\/a>\n\t\t\t\t\t\t<a href=\"#\" class=\"next qt-slideshow-link\"><i class='material-icons'>arrow_forward<\/i><\/a>\n\t\t\t\t\t<\/div>\n\t\t\t\t<\/div>\n\t\t\t\t<!--  SLIDER SHORTCODE END ================================================== -->\n\t\t\t\t<\/div><\/div><\/div><\/div><\/div><\/div><\/div><\/div><\/div><\/div><div class=\"qt-vc-row-container\"><div data-vc-parallax=\"1.5\" class=\"vc_row wpb_row vc_row-kentha vc_custom_1516721610492 vc_row-has-fill vc_row-o-content-middle vc_row-flex vc_general vc_parallax vc_parallax-content-moving\"><div class=\"wpb_column vc_column_container vc_col-sm-12\"><div class=\"vc_column-inner\"><div class=\"wpb_wrapper\"><div class=\"vc_row wpb_row vc_inner vc_row-kentha\"><div class=\"wpb_column vc_column_container vc_col-sm-12\"><div class=\"vc_column-inner\"><div class=\"wpb_wrapper\">Sorry, there is nothing for the moment.\t\t<\/div><\/div><\/div><\/div><\/div><\/div><\/div><\/div><\/div><div class=\"qt-vc-row-container\"><div data-vc-parallax=\"1.5\" class=\"vc_row wpb_row vc_row-kentha vc_custom_1526286125652 vc_row-has-fill vc_general vc_parallax vc_parallax-content-moving\"><div class=\"wpb_column vc_column_container vc_col-sm-12\"><div class=\"vc_column-inner\"><div class=\"wpb_wrapper\"><div class=\"qt-container qt-rowcontainer-vc\"><div class=\"vc_row wpb_row vc_inner vc_row-kentha\"><div class=\"wpb_column vc_column_container vc_col-sm-12\"><div class=\"vc_column-inner\"><div class=\"wpb_wrapper\">\t\t\t<h3 class=\"qt-sectiontitle\">Boombandoo<\/h3>\n\t\t\t\t<div class=\"row\">\n\t\t\t\t\t\t\t<div class=\"col s12 m3\">\n\t\t\t\t\t<!-- ITEM CARD  ========================= -->\n\t\t\t\t\t<div class=\"qt-glass-card qt-negative post-4736 artist type-artist status-publish has-post-thumbnail hentry artistgenre-cantor artistgenre-compositor\" data-bgimage=\"https:\/\/navarros.com.br\/wp-content\/uploads\/2026\/01\/ARTISTA-756x379.jpg\">\n\t\t\t\t\t\t<a href=\"https:\/\/navarros.com.br\/en\/artist\/navarros\/\" class=\"qt-content\">\n\t\t\t\t\t\t\t<h5>\n\t\t\t\t\t\t\t\tnavarros\t\t\t\t\t\t\t<\/h5>\n\t\t\t\t\t\t\t<span class=\"qt-item-metas\">\n\t\t\t\t\t\t\t\tSanto Andr\u00e9 SP&nbsp;[brasileiro]\t\t\t\t\t\t\t<\/span>\t\n\t\t\t\t\t\t<\/a>\n\t\t\t\t\t<\/div>\n\t\t\t\t\t<!-- ITEM CARD ========================= -->\n\t\t\t\t<\/div>\n\t\t\t\t\t<\/div>\n\t\t<\/div><\/div><\/div><\/div><\/div><\/div><\/div><\/div><\/div><\/div><div class=\"qt-vc-row-container\"><div data-vc-parallax=\"1.5\" class=\"vc_row wpb_row vc_row-kentha vc_custom_1526286151444 vc_row-has-fill vc_general vc_parallax vc_parallax-content-moving\"><div class=\"wpb_column vc_column_container vc_col-sm-12\"><div class=\"vc_column-inner\"><div class=\"wpb_wrapper\"><div class=\"qt-container qt-rowcontainer-vc\"><div class=\"vc_row wpb_row vc_inner vc_row-kentha\"><div class=\"wpb_column vc_column_container vc_col-sm-3\"><div class=\"vc_column-inner\"><div class=\"wpb_wrapper\">\t\t\t<h3 class=\"qt-sectiontitle\">NINAR<\/h3>\n\t\tSorry, there is nothing for the moment.\t\t<\/div><\/div><\/div><div class=\"wpb_column vc_column_container vc_col-sm-3\"><div class=\"vc_column-inner\"><div class=\"wpb_wrapper\">\t\t\t<h3 class=\"qt-sectiontitle\">SERTANEJO<\/h3>\n\t\tSorry, there is nothing for the moment.\t\t<\/div><\/div><\/div><div class=\"wpb_column vc_column_container vc_col-sm-3\"><div class=\"vc_column-inner\"><div class=\"wpb_wrapper\">\t\t\t<h3 class=\"qt-sectiontitle\">POP<\/h3>\n\t\tSorry, there is nothing for the moment.\t\t<\/div><\/div><\/div><div class=\"wpb_column vc_column_container vc_col-sm-3\"><div class=\"vc_column-inner\"><div class=\"wpb_wrapper\">\t\t\t<h3 class=\"qt-sectiontitle\">SERVI\u00c7OS<\/h3>\n\t\t\n\t\t\t<div class=\"qt-part-archive-item qt-item-inline qt-clearfix\">\n\t\t\t\t\t\t\t\t<a class=\"qt-inlineimg\" href=\"https:\/\/navarros.com.br\/en\/artist\/navarros\/\">\n\t\t\t\t\t<img loading=\"lazy\" decoding=\"async\" width=\"150\" height=\"150\" src=\"https:\/\/navarros.com.br\/wp-content\/uploads\/2026\/01\/ARTISTA-150x150.jpg\" class=\"attachment-thumbnail size-thumbnail wp-post-image\" alt=\"Thumbnail\">\n\t\t\t\t<\/a>\n\t\t\t\t\n\t\t\t\t<h6 class=\"qt-tit\">\n\t\t\t\t\t<a class=\"\" href=\"https:\/\/navarros.com.br\/en\/artist\/navarros\/\">\n\t\t\t\t\t\tnavarros\t\t\t\t\t<\/a>\n\t\t\t\t<\/h6>\n\n\t\t\t\t<span class=\"qt-item-metas\">\n\t\t\t\t\tSanto Andr\u00e9 SP&nbsp;[brasileiro]\t\t\t\t<\/span>\n\t\t\t<\/div>\n\t\t<\/div><\/div><\/div><\/div><\/div><\/div><\/div><\/div><\/div><\/div>\n<\/div>","protected":false},"excerpt":{"rendered":"NAVARROS, nome art\u00edstico de Ademison Navarros Silva, \u00e9 um artista brasileiro de pop e bass que transforma emo\u00e7\u00f5es profundas em m\u00fasica pulsante. Natural de Santo Andr\u00e9, no ABC Paulista, sua jornada musical teve in\u00edcio em um momento de ruptura: a perda de sua m\u00e3e. A partir desse vazio, a m\u00fasica [...]","protected":false},"author":1,"featured_media":4797,"parent":514,"menu_order":0,"comment_status":"closed","ping_status":"closed","template":"page-visualcomposer.php","meta":{"footnotes":""},"class_list":["post-1403","page","type-page","status-publish","has-post-thumbnail","hentry"],"_links":{"self":[{"href":"https:\/\/navarros.com.br\/en\/wp-json\/wp\/v2\/pages\/1403","targetHints":{"allow":["GET"]}}],"collection":[{"href":"https:\/\/navarros.com.br\/en\/wp-json\/wp\/v2\/pages"}],"about":[{"href":"https:\/\/navarros.com.br\/en\/wp-json\/wp\/v2\/types\/page"}],"author":[{"embeddable":true,"href":"https:\/\/navarros.com.br\/en\/wp-json\/wp\/v2\/users\/1"}],"replies":[{"embeddable":true,"href":"https:\/\/navarros.com.br\/en\/wp-json\/wp\/v2\/comments?post=1403"}],"version-history":[{"count":11,"href":"https:\/\/navarros.com.br\/en\/wp-json\/wp\/v2\/pages\/1403\/revisions"}],"predecessor-version":[{"id":4742,"href":"https:\/\/navarros.com.br\/en\/wp-json\/wp\/v2\/pages\/1403\/revisions\/4742"}],"up":[{"embeddable":true,"href":"https:\/\/navarros.com.br\/en\/wp-json\/wp\/v2\/pages\/514"}],"wp:featuredmedia":[{"embeddable":true,"href":"https:\/\/navarros.com.br\/en\/wp-json\/wp\/v2\/media\/4797"}],"wp:attachment":[{"href":"https:\/\/navarros.com.br\/en\/wp-json\/wp\/v2\/media?parent=1403"}],"curies":[{"name":"wp","href":"https:\/\/api.w.org\/{rel}","templated":true}]}}